{"id":84,"date":"2024-06-10T09:57:42","date_gmt":"2024-06-10T07:57:42","guid":{"rendered":"https:\/\/dclp.eu\/it\/?page_id=84"},"modified":"2025-06-28T09:36:14","modified_gmt":"2025-06-28T07:36:14","slug":"presentazione-it","status":"publish","type":"page","link":"https:\/\/dclp.eu\/it\/presentazione-it\/","title":{"rendered":"Presentazione-it"},"content":{"rendered":"\n<div class=\"content-width\">\n<div class=\"TraitementDeTexte\">\n<div class=\"L3\">Presentazione<\/div>\n<div class=\"L1\">\nDire et Chanter Les Passions organizza eventi culturali internazionali, mettendo in mostra persone di talento e prodotti e competenze eccezionali. La promozione dell&rsquo;interculturalit\u00e0 e del dialogo intergenerazionale \u00e8 uno degli obiettivi principali della DCLP, il cui filo conduttore \u00e8 la condivisione delle emozioni. Dire et Chanter Les Passions gestisce anche la Revue DCLP e pubblica libri, con l&rsquo;obiettivo di permettere agli autori di esprimersi su argomenti ricchi, vari e affascinanti.\n<\/div>\n<\/div>\n<span class=\"revues\"><\/span>\n<\/div>\n","protected":false},"excerpt":{"rendered":"<p>Presentazione Dire et Chanter Les Passions organizza eventi culturali internazionali, mettendo in mostra persone di talento e prodotti e competenze eccezionali. La promozione dell&rsquo;interculturalit\u00e0 e del dialogo intergenerazionale \u00e8 uno degli obiettivi principali della DCLP, il cui filo conduttore \u00e8 la condivisione delle emozioni. Dire et Chanter Les Passions gestisce anche la Revue DCLP e [&hellip;]<\/p>\n","protected":false},"author":1,"featured_media":0,"parent":0,"menu_order":0,"comment_status":"closed","ping_status":"closed","template":"","meta":[],"_links":{"self":[{"href":"https:\/\/dclp.eu\/it\/wp-json\/wp\/v2\/pages\/84"}],"collection":[{"href":"https:\/\/dclp.eu\/it\/wp-json\/wp\/v2\/pages"}],"about":[{"href":"https:\/\/dclp.eu\/it\/wp-json\/wp\/v2\/types\/page"}],"author":[{"embeddable":true,"href":"https:\/\/dclp.eu\/it\/wp-json\/wp\/v2\/users\/1"}],"replies":[{"embeddable":true,"href":"https:\/\/dclp.eu\/it\/wp-json\/wp\/v2\/comments?post=84"}],"version-history":[{"count":11,"href":"https:\/\/dclp.eu\/it\/wp-json\/wp\/v2\/pages\/84\/revisions"}],"predecessor-version":[{"id":583,"href":"https:\/\/dclp.eu\/it\/wp-json\/wp\/v2\/pages\/84\/revisions\/583"}],"wp:attachment":[{"href":"https:\/\/dclp.eu\/it\/wp-json\/wp\/v2\/media?parent=84"}],"curies":[{"name":"wp","href":"https:\/\/api.w.org\/{rel}","templated":true}]}}