{"id":31,"date":"2024-06-02T16:56:54","date_gmt":"2024-06-02T14:56:54","guid":{"rendered":"https:\/\/dclp.eu\/it\/?page_id=31"},"modified":"2025-04-27T06:57:47","modified_gmt":"2025-04-27T04:57:47","slug":"freni-it","status":"publish","type":"page","link":"https:\/\/dclp.eu\/it\/freni-it\/","title":{"rendered":"Freni-it"},"content":{"rendered":"\n<div class=\"content-width\">\n\n\n<h4 style=\"text-align: center;\"><b data-rich-text-format-boundary=\"true\"><br>DIRE ET CHANTER LES PASSIONS<\/b><\/h4>\n<h5 style=\"text-align: center;\">Evento culturale in omaggio a Mirella Freni<\/h5>\n<p style=\"text-align: center;\">23 settembre 2023, a Modena, Italia<\/p>\n\n\n<span class=\"revues\"><\/span>\n<div class=\"saut-lignex4\"><\/div>\n\n\n<p style=\"text-align: center;\">PROGRAMMA<\/p>\n<p style=\"text-align: center;\"><strong>Conferenza Internazionale<\/strong><br><strong><em>Mirella Freni: Testo e Interpretazione<\/em> <\/strong><\/p>\n<p style=\"text-align: justify;\">Organizzata dal Teatro Comunale Pavarotti-Freni di Modena in collaborazione con Dire et Chanter Les Passions, questa conferenza offre una riflessione sull&rsquo;interpretazione musicale secondo Mirella Freni ed esplora come il grande soprano abbia concepito il rapporto tra il testo musicale e la sua incarnazione sulla scena. Con la partecipazione di Micaela Magiera, Leone Magiera, Alberto Mattioli, David Pouliquen, Marc Jeannin (Universit\u00e0 di Angers), Dani\u00e8le Pistone e Gilles Demonet (Sorbonne Universit\u00e9), Teatro Comunale Pavarotti-Freni di Modena.<\/p>\n<p style=\"text-align: center;\"><strong>Concerto in omaggio a Mirella Freni<\/strong><\/p>\n<p style=\"text-align: justify;\">Esecuzione delle grandi arie d&rsquo;opera che hanno segnato la carriera di Mirella Freni, interpretate dai giovani talenti di Modena Belcanto, Teatro Comunale Pavarotti-Freni di Modena.<\/p>\n<p><\/p>\n\n<div class=\"wp-block-image\">\n<figure class=\"aligncenter size-large\"><img decoding=\"async\" src=\"https:\/\/dclp.eu\/wp-content\/uploads\/2023\/10\/ManifestoMirellaFreniP0-717x1024.jpg\" alt=\"\" class=\"wp-image-3009\"\/><\/figure><\/div>\n\n<div class=\"wp-block-image\">\n<figure class=\"aligncenter size-large\"><img decoding=\"async\" src=\"https:\/\/dclp.eu\/wp-content\/uploads\/2023\/10\/ProgrammaConvegnoFreniP1-722x1024.jpg\" alt=\"\" class=\"wp-image-3010\"\/><\/figure><\/div>\n\n<div class=\"wp-block-image\">\n<figure class=\"aligncenter size-large\"><img decoding=\"async\" src=\"https:\/\/dclp.eu\/wp-content\/uploads\/2023\/10\/ProgrammaConvegnoFreniP2-722x1024.jpg\" alt=\"\" class=\"wp-image-3011\"\/><\/figure><\/div>\n\n<div class=\"wp-block-image\">\n<figure class=\"aligncenter size-large\"><img decoding=\"async\" src=\"https:\/\/dclp.eu\/wp-content\/uploads\/2023\/10\/ProgrammaConvegnoFreniP3-722x1024.jpg\" alt=\"\" class=\"wp-image-3012\"\/><\/figure><\/div>\n\n<div class=\"wp-block-image\">\n<figure class=\"aligncenter size-large\"><img decoding=\"async\" src=\"https:\/\/dclp.eu\/wp-content\/uploads\/2023\/10\/ProgrammaConvegnoFreniP4-722x1024.jpg\" alt=\"\" class=\"wp-image-3013\"\/><\/figure><\/div>\n\n\n<\/div>\n","protected":false},"excerpt":{"rendered":"<p>DIRE ET CHANTER LES PASSIONS Evento culturale in omaggio a Mirella Freni 23 settembre 2023, a Modena, Italia PROGRAMMA Conferenza InternazionaleMirella Freni: Testo e Interpretazione Organizzata dal Teatro Comunale Pavarotti-Freni di Modena in collaborazione con Dire et Chanter Les Passions, questa conferenza offre una riflessione sull&rsquo;interpretazione musicale secondo Mirella Freni ed esplora come il grande [&hellip;]<\/p>\n","protected":false},"author":1,"featured_media":0,"parent":0,"menu_order":0,"comment_status":"closed","ping_status":"closed","template":"","meta":[],"_links":{"self":[{"href":"https:\/\/dclp.eu\/it\/wp-json\/wp\/v2\/pages\/31"}],"collection":[{"href":"https:\/\/dclp.eu\/it\/wp-json\/wp\/v2\/pages"}],"about":[{"href":"https:\/\/dclp.eu\/it\/wp-json\/wp\/v2\/types\/page"}],"author":[{"embeddable":true,"href":"https:\/\/dclp.eu\/it\/wp-json\/wp\/v2\/users\/1"}],"replies":[{"embeddable":true,"href":"https:\/\/dclp.eu\/it\/wp-json\/wp\/v2\/comments?post=31"}],"version-history":[{"count":13,"href":"https:\/\/dclp.eu\/it\/wp-json\/wp\/v2\/pages\/31\/revisions"}],"predecessor-version":[{"id":541,"href":"https:\/\/dclp.eu\/it\/wp-json\/wp\/v2\/pages\/31\/revisions\/541"}],"wp:attachment":[{"href":"https:\/\/dclp.eu\/it\/wp-json\/wp\/v2\/media?parent=31"}],"curies":[{"name":"wp","href":"https:\/\/api.w.org\/{rel}","templated":true}]}}