{"id":215,"date":"2024-06-15T17:52:19","date_gmt":"2024-06-15T15:52:19","guid":{"rendered":"https:\/\/dclp.eu\/it\/?page_id=215"},"modified":"2025-04-12T07:59:11","modified_gmt":"2025-04-12T05:59:11","slug":"angers2019-it","status":"publish","type":"page","link":"https:\/\/dclp.eu\/it\/angers2019-it\/","title":{"rendered":"angers2019-it"},"content":{"rendered":"\n<div class=\"content-width\">\n\n<h4 style=\"text-align: center;\"><b data-rich-text-format-boundary=\"true\"><br>DIRE ET CHANTER LES PASSIONS<\/b><\/h4>\n<h5 style=\"text-align: center;\"><strong data-rich-text-format-boundary=\"true\">Le Voci dell\u2019Emozione<\/strong><\/h5>\n<p style=\"text-align: center;\">18-19 ottobre 2019, Grand Th\u00e9\u00e2tre d\u2019Angers<\/p>\n\n<span class=\"revues\"><\/span>\n<span class=\"saut-lignex2\"><\/span>\n\n<p class=\"has-text-align-center\">PROGRAMMA<\/p>\n\n<p style=\"text-align: center;\"><strong>Convegno internazionale e interdisciplinare:<br><em>Le Voci dell\u2019Emozione<\/em><\/strong><\/p>\n<span class=\"C1\" style=\"text-align: justify; display: block;\">Organizzato da Marc Jeannin e David Pouliquen (Universit\u00e0 di Angers), questo convegno esplora le passioni attraverso la voce, la musica, il canto, il teatro e l\u2019interazione uomo-robot. Partecipano Jean-Ren\u00e9 Morice (Universit\u00e0 di Angers), Dani\u00e8le Pistone (Sorbonne Universit\u00e9), Joseph Delaplace (Universit\u00e0 Rennes-II), Giordano Ferrari (Universit\u00e0 Paris VIII), Adrian Grafe (Universit\u00e0 di Artois), Sophie Maddison (University of Glasgow), Jean-Fran\u00e7ois Bianco (Universit\u00e0 di Angers), Etienne Kippelen (Universit\u00e0 di Aix-Marseille), Mauricio G\u00f3mez-G\u00e1lvez (Sorbonne Universit\u00e9).  \n\nI panel sono presieduti da Marc Jeannin, Jean-Yves Le Juge, Matteo Casari (Universit\u00e0 di Bologna Alma Mater) e Nicola Pasqualicchio (Universit\u00e0 di Verona). Inoltre, interverranno Matteo Casari, Cristiana Natali (Universit\u00e0 di Bologna Alma Mater), Salvatore Anzalone (Universit\u00e0 di Paris VIII), Cinzia Toscano (Universit\u00e0 di Bologna Alma Mater), Bruno Bossis (Universit\u00e0 Rennes-II), Doriana Legge (Universit\u00e0 dell\u2019Aquila), S\u00e9verine Samson (Universit\u00e0 di Lille III), C\u00e9line Lancelot (Universit\u00e0 di Angers), Angela Albanese (Universit\u00e0 di Modena e Reggio Emilia), Aubeline Vinay (Universit\u00e0 di Angers), Pierre-Eug\u00e8ne Sitchet (Sorbonne Universit\u00e9) ed Eftychia Droutsa (Sorbonne Universit\u00e9).<\/span>\n\n<p style=\"text-align: center;\"><strong>Gala lirico <em>Dire e Cantare le Passioni<\/em><\/strong><\/p>\n<span class=\"C1\" style=\"text-align: justify; display: block;\">Con Mi-kyung Kim (soprano), David Pouliquen (baritono), Margot Canale (mezzosoprano) e Muriel Stip (pianista).<\/span>\n\n<p style=\"text-align: center;\"><strong>Spettacolo di chiusura: <em>La Gelosia<\/em><\/strong><\/p>\n<span class=\"C1\" style=\"text-align: justify; display: block;\">Introduzione di Alain Fouquet (Citt\u00e0 di Angers). Lo spettacolo \u201cSonata a Kreutzer (o l\u2019Occupazione)\u201d \u00e8 diretto da Simon Lauretti e interpretato da Aur\u00e9lie Cimb\u00e9, Matthieu Boutier e Simon Lauretti. Basato su testi di Tolstoj e Annie Ernaux, con estratti musicali di Beethoven e Verdi.<\/span>\n\n\n\n\n<div class=\"wp-block-image\">\n<figure class=\"aligncenter size-full\"><img decoding=\"async\" loading=\"lazy\" width=\"620\" height=\"896\" src=\"https:\/\/dclp.eu\/it\/wp-content\/uploads\/sites\/5\/2024\/06\/P1-1.jpg\" alt=\"\" class=\"wp-image-217\" srcset=\"https:\/\/dclp.eu\/it\/wp-content\/uploads\/sites\/5\/2024\/06\/P1-1.jpg 620w, https:\/\/dclp.eu\/it\/wp-content\/uploads\/sites\/5\/2024\/06\/P1-1-208x300.jpg 208w\" sizes=\"(max-width: 620px) 100vw, 620px\" \/><\/figure><\/div>\n\n<div class=\"wp-block-image\">\n<figure class=\"aligncenter size-full\"><img decoding=\"async\" loading=\"lazy\" width=\"641\" height=\"903\" src=\"https:\/\/dclp.eu\/it\/wp-content\/uploads\/sites\/5\/2024\/06\/P2.jpg\" alt=\"\" class=\"wp-image-218\" srcset=\"https:\/\/dclp.eu\/it\/wp-content\/uploads\/sites\/5\/2024\/06\/P2.jpg 641w, https:\/\/dclp.eu\/it\/wp-content\/uploads\/sites\/5\/2024\/06\/P2-213x300.jpg 213w\" sizes=\"(max-width: 641px) 100vw, 641px\" \/><\/figure><\/div>\n\n<div class=\"wp-block-image\">\n<figure class=\"aligncenter size-full\"><img decoding=\"async\" loading=\"lazy\" width=\"641\" height=\"868\" src=\"https:\/\/dclp.eu\/it\/wp-content\/uploads\/sites\/5\/2024\/06\/P3-1.jpg\" alt=\"\" class=\"wp-image-219\" srcset=\"https:\/\/dclp.eu\/it\/wp-content\/uploads\/sites\/5\/2024\/06\/P3-1.jpg 641w, https:\/\/dclp.eu\/it\/wp-content\/uploads\/sites\/5\/2024\/06\/P3-1-222x300.jpg 222w\" sizes=\"(max-width: 641px) 100vw, 641px\" \/><\/figure><\/div>\n\n<div class=\"wp-block-image\">\n<figure class=\"aligncenter size-full\"><img decoding=\"async\" loading=\"lazy\" width=\"635\" height=\"907\" src=\"https:\/\/dclp.eu\/it\/wp-content\/uploads\/sites\/5\/2024\/06\/P4-1.jpg\" alt=\"\" class=\"wp-image-220\" srcset=\"https:\/\/dclp.eu\/it\/wp-content\/uploads\/sites\/5\/2024\/06\/P4-1.jpg 635w, https:\/\/dclp.eu\/it\/wp-content\/uploads\/sites\/5\/2024\/06\/P4-1-210x300.jpg 210w\" sizes=\"(max-width: 635px) 100vw, 635px\" \/><\/figure><\/div>\n\n\n<div class=\"revues\"><\/div>\n<\/div>\n","protected":false},"excerpt":{"rendered":"<p>DIRE ET CHANTER LES PASSIONS Le Voci dell\u2019Emozione 18-19 ottobre 2019, Grand Th\u00e9\u00e2tre d\u2019Angers PROGRAMMA Convegno internazionale e interdisciplinare:Le Voci dell\u2019Emozione Organizzato da Marc Jeannin e David Pouliquen (Universit\u00e0 di Angers), questo convegno esplora le passioni attraverso la voce, la musica, il canto, il teatro e l\u2019interazione uomo-robot. Partecipano Jean-Ren\u00e9 Morice (Universit\u00e0 di Angers), Dani\u00e8le [&hellip;]<\/p>\n","protected":false},"author":1,"featured_media":0,"parent":0,"menu_order":0,"comment_status":"closed","ping_status":"closed","template":"","meta":[],"_links":{"self":[{"href":"https:\/\/dclp.eu\/it\/wp-json\/wp\/v2\/pages\/215"}],"collection":[{"href":"https:\/\/dclp.eu\/it\/wp-json\/wp\/v2\/pages"}],"about":[{"href":"https:\/\/dclp.eu\/it\/wp-json\/wp\/v2\/types\/page"}],"author":[{"embeddable":true,"href":"https:\/\/dclp.eu\/it\/wp-json\/wp\/v2\/users\/1"}],"replies":[{"embeddable":true,"href":"https:\/\/dclp.eu\/it\/wp-json\/wp\/v2\/comments?post=215"}],"version-history":[{"count":10,"href":"https:\/\/dclp.eu\/it\/wp-json\/wp\/v2\/pages\/215\/revisions"}],"predecessor-version":[{"id":523,"href":"https:\/\/dclp.eu\/it\/wp-json\/wp\/v2\/pages\/215\/revisions\/523"}],"wp:attachment":[{"href":"https:\/\/dclp.eu\/it\/wp-json\/wp\/v2\/media?parent=215"}],"curies":[{"name":"wp","href":"https:\/\/api.w.org\/{rel}","templated":true}]}}