{"id":154,"date":"2024-06-13T16:15:45","date_gmt":"2024-06-13T14:15:45","guid":{"rendered":"https:\/\/dclp.eu\/it\/?page_id=154"},"modified":"2025-06-22T17:23:54","modified_gmt":"2025-06-22T15:23:54","slug":"passions2022-it","status":"publish","type":"page","link":"https:\/\/dclp.eu\/it\/passions2022-it\/","title":{"rendered":"passions2022-it"},"content":{"rendered":"<div class=\"wp-block-image\">\n<figure class=\"aligncenter size-full is-resized\"><img decoding=\"async\" loading=\"lazy\" src=\"https:\/\/dclp.eu\/it\/wp-content\/uploads\/sites\/5\/2024\/06\/01-logo-rouge-normal.png\" alt=\"\" class=\"wp-image-123\" width=\"244\" height=\"250\" srcset=\"https:\/\/dclp.eu\/it\/wp-content\/uploads\/sites\/5\/2024\/06\/01-logo-rouge-normal.png 975w, https:\/\/dclp.eu\/it\/wp-content\/uploads\/sites\/5\/2024\/06\/01-logo-rouge-normal-293x300.png 293w, https:\/\/dclp.eu\/it\/wp-content\/uploads\/sites\/5\/2024\/06\/01-logo-rouge-normal-768x787.png 768w\" sizes=\"(max-width: 244px) 100vw, 244px\" \/><\/figure><\/div>\n\n\n<div class=\"wp-block-image\"> <figure class=\"aligncenter size-large is-resized\"><img decoding=\"async\" loading=\"lazy\" src=\"https:\/\/dclp.eu\/wp-content\/uploads\/2022\/03\/Les_Passions_Modena_Angers_Grey-1024x322.png\" alt=\"\" class=\"wp-image-1818\" width=\"256\" height=\"81\" srcset=\"https:\/\/dclp.eu\/wp-content\/uploads\/2022\/03\/Les_Passions_Modena_Angers_Grey-1024x322.png 1024w, https:\/\/dclp.eu\/wp-content\/uploads\/2022\/03\/Les_Passions_Modena_Angers_Grey-300x94.png 300w, https:\/\/dclp.eu\/wp-content\/uploads\/2022\/03\/Les_Passions_Modena_Angers_Grey-768x241.png 768w, https:\/\/dclp.eu\/wp-content\/uploads\/2022\/03\/Les_Passions_Modena_Angers_Grey-1536x483.png 1536w, https:\/\/dclp.eu\/wp-content\/uploads\/2022\/03\/Les_Passions_Modena_Angers_Grey-2048x644.png 2048w, https:\/\/dclp.eu\/wp-content\/uploads\/2022\/03\/Les_Passions_Modena_Angers_Grey-1200x377.png 1200w, https:\/\/dclp.eu\/wp-content\/uploads\/2022\/03\/Les_Passions_Modena_Angers_Grey-1980x622.png 1980w\" sizes=\"(max-width: 256px) 100vw, 256px\" \/><\/figure><\/div> <p style=\"text-align: center;\"><em><strong>Incontri Musicali e Gastronomici<\/strong><br><\/em>Omaggio a Luciano Pavarotti e a Curnonsky<\/p> <p style=\"text-align: center;\">dal 29 aprile al 1\u00b0 maggio 2022 ad Angers<\/p> <div class=\"wp-block-image\"> <figure class=\"aligncenter size-large is-resized\"><img decoding=\"async\" loading=\"lazy\" src=\"https:\/\/dclp.eu\/wp-content\/uploads\/2022\/03\/soiree_musicale_et_gastro-1024x525.png\" alt=\"\" class=\"wp-image-1820\" width=\"256\" height=\"131\" srcset=\"https:\/\/dclp.eu\/wp-content\/uploads\/2022\/03\/soiree_musicale_et_gastro-1024x525.png 1024w, https:\/\/dclp.eu\/wp-content\/uploads\/2022\/03\/soiree_musicale_et_gastro-300x154.png 300w, https:\/\/dclp.eu\/wp-content\/uploads\/2022\/03\/soiree_musicale_et_gastro-768x394.png 768w, https:\/\/dclp.eu\/wp-content\/uploads\/2022\/03\/soiree_musicale_et_gastro-1200x615.png 1200w, https:\/\/dclp.eu\/wp-content\/uploads\/2022\/03\/soiree_musicale_et_gastro.png 1383w\" sizes=\"(max-width: 256px) 100vw, 256px\" \/><\/figure><\/div> \n\n<div class=\"content-width\">\n<div class=\"TraitementDeTexte\">\n<span class=\"saut-lignex2\"><\/span> \n<div class=\"content-linkedin\">\n<div class=\"bulle\"> \n<a href=\"https:\/\/dclp.eu\/linkedin-angers-2022\/\">\n<div class=\"linkedin-logo\"><\/div><\/a>\n<div class=\"t5\"> POST DELL&rsquo;EVENTO <\/div>\n<\/div>\n<\/div> \n<\/div>\n<span class=\"saut-lignex2\">\n\n<\/span> <div class=\"maquette\"> <span class=\"C4\">PROGRAMMA<\/span> <span class=\"revues\"><\/span> <span class=\"saut-lignex2\"><\/span> <span id=\"colorDCLP\" class=\"C2\">3 GIORNATE ECCEZIONALI FRANCO-ITALIANE CHE UNISCONO MUSICA E GASTRONOMIA<\/span> <span class=\"revues\"><\/span> <\/div> <\/div> <div class=\"wp-block-image\"> <figure class=\"aligncenter size-large is-resized\"><img decoding=\"async\" loading=\"lazy\" src=\"https:\/\/dclp.eu\/wp-content\/uploads\/2022\/05\/image-colloque_Pavarotti_2022-979x1024.jpg\" alt=\"\" class=\"wp-image-2100\" width=\"245\" height=\"256\" srcset=\"https:\/\/dclp.eu\/wp-content\/uploads\/2022\/05\/image-colloque_Pavarotti_2022-979x1024.jpg 979w, https:\/\/dclp.eu\/wp-content\/uploads\/2022\/05\/image-colloque_Pavarotti_2022-287x300.jpg 287w, https:\/\/dclp.eu\/wp-content\/uploads\/2022\/05\/image-colloque_Pavarotti_2022-768x803.jpg 768w, https:\/\/dclp.eu\/wp-content\/uploads\/2022\/05\/image-colloque_Pavarotti_2022-1200x1255.jpg 1200w, https:\/\/dclp.eu\/wp-content\/uploads\/2022\/05\/image-colloque_Pavarotti_2022.jpg 1282w\" sizes=\"(max-width: 245px) 100vw, 245px\" \/><\/figure><\/div> <div class=\"content-width\"> <div class=\"maquette\"> <span class=\"C1\" style=\"text-align: justify; display: block;\">&#8211; Convegno internazionale e interdisciplinare Dire et Chanter Les Passions: L&#8217;emozione in Luciano Pavarotti<\/span> <span class=\"C1\" style=\"text-align: justify; display: block;\"> Organizzato da Marc Jeannin (Universit\u00e0 di Angers), questo convegno propone una riflessione sull&rsquo;espressione e la ricezione delle emozioni veicolate da Luciano Pavarotti, e di evocare le ragioni del percorso eccezionale di Luciano Pavarotti. Con la partecipazione, tra gli altri, di Nicoletta Mantovani (Fondazione Luciano Pavarotti), Dani\u00e8le Pistone (Sorbonne Universit\u00e9), Aldo Sisillo (Teatro Comunale Pavarotti-Freni di Modena), e Gilles Demonet (Sorbonne Universit\u00e9).<\/span> <span class=\"saut-lignex2\"><\/span> 29 e 30 aprile, Salons Curnonsky, Angers <span class=\"saut-lignex2\"><\/span> <span id=\"colorDCLP\" class=\"C3\">Programma del convegno \u00ab\u00a0L&#8217;emozione in Luciano Pavarotti\u00a0\u00bb<\/span> <span class=\"revues\"><\/span> <\/div> <\/div> <div class=\"wp-block-image\"> <figure class=\"aligncenter size-large is-resized\"><img decoding=\"async\" loading=\"lazy\" src=\"https:\/\/dclp.eu\/wp-content\/uploads\/2022\/03\/chanteise-1024x801.jpg\" alt=\"\" class=\"wp-image-1900\" width=\"256\" height=\"200\" srcset=\"https:\/\/dclp.eu\/wp-content\/uploads\/2022\/03\/chanteise-1024x801.jpg 1024w, https:\/\/dclp.eu\/wp-content\/uploads\/2022\/03\/chanteise-300x235.jpg 300w, https:\/\/dclp.eu\/wp-content\/uploads\/2022\/03\/chanteise-768x600.jpg 768w, https:\/\/dclp.eu\/wp-content\/uploads\/2022\/03\/chanteise-1536x1201.jpg 1536w, https:\/\/dclp.eu\/wp-content\/uploads\/2022\/03\/chanteise-1200x938.jpg 1200w, https:\/\/dclp.eu\/wp-content\/uploads\/2022\/03\/chanteise.jpg 1682w\" sizes=\"(max-width: 256px) 100vw, 256px\" \/><\/figure><\/div> <div class=\"content-width\"> <div class=\"maquette\"> <span class=\"C2\">&#8211; Concerto lirico Giovani Talenti Modena\/Angers<\/span> <span class=\"C1\">Marta Lazzaro, Mathilde Lemaire (in foto, copyright: Hugues Castan), Carlo Eugenio Raffaelli, H\u00e9l\u00e8ne Peyrat (pianista) e la partecipazione eccezionale del tenore S\u00e9bastien Gu\u00e8ze<\/span> <span class=\"saut-lignex2\"><\/span> 29 aprile 2022 alle 18:30, Salons Curnonsky, Angers <span class=\"saut-lignex2\"><\/span> <span id=\"colorDCLP\" class=\"C3\">Programma concerto omaggio a Luciano Pavarotti<\/span> <span class=\"revues\"><\/span> <\/div> <\/div> <div class=\"wp-block-image\"> <figure class=\"aligncenter size-large is-resized\"><img decoding=\"async\" loading=\"lazy\" src=\"https:\/\/dclp.eu\/wp-content\/uploads\/2022\/04\/Diner-Belle-Rive-1024x819.jpg\" alt=\"\" class=\"wp-image-2000\" width=\"256\" height=\"205\" srcset=\"https:\/\/dclp.eu\/wp-content\/uploads\/2022\/04\/Diner-Belle-Rive-1024x819.jpg 1024w, https:\/\/dclp.eu\/wp-content\/uploads\/2022\/04\/Diner-Belle-Rive-300x240.jpg 300w, https:\/\/dclp.eu\/wp-content\/uploads\/2022\/04\/Diner-Belle-Rive-768x614.jpg 768w, https:\/\/dclp.eu\/wp-content\/uploads\/2022\/04\/Diner-Belle-Rive-1536x1229.jpg 1536w, https:\/\/dclp.eu\/wp-content\/uploads\/2022\/04\/Diner-Belle-Rive-1200x960.jpg 1200w, https:\/\/dclp.eu\/wp-content\/uploads\/2022\/04\/Diner-Belle-Rive-1980x1584.jpg 1980w, https:\/\/dclp.eu\/wp-content\/uploads\/2022\/04\/Diner-Belle-Rive.jpg 2000w\" sizes=\"(max-width: 256px) 100vw, 256px\" \/><\/figure><\/div> <div class=\"content-width\"> <div class=\"maquette\"> <span class=\"C2\">&#8211; Cena gastronomica di beneficenza Le Passioni Modena\/Angers<\/span> <span class=\"saut-lignex2\"><\/span> <span class=\"C1\">Cocktail signature presentato e creato da Alfred Cointreau.<br> Menu in 5 atti intorno alle meraviglie gastronomiche di Angers e Modena, elaborato da due chef stellati: Pascal Favre d&rsquo;Anne e Luca Marchini, insieme a Laurent Surut, chef del ristorante Belle Rive.<br> Abbinamento cibo e vino incluso. <\/span> <span class=\"saut-lignex2\"><\/span> 29 aprile 2022 alle 20:00, ristorante Belle Rive, Angers <span id=\"colorDCLP\" class=\"C2\">Prenoto<\/span> <span class=\"saut-lignex2\"><\/span> (Completo: non ci sono pi\u00f9 posti per questa cena Modena\/Angers) <span class=\"revues\"><\/span> <\/div> <\/div> <div class=\"wp-block-image\"> <figure class=\"aligncenter size-large is-resized\"><img decoding=\"async\" loading=\"lazy\" src=\"https:\/\/dclp.eu\/wp-content\/uploads\/2022\/03\/sebastien-gueze-copie-1024x663.jpg\" alt=\"\" class=\"wp-image-1782\" width=\"256\" height=\"166\" srcset=\"https:\/\/dclp.eu\/wp-content\/uploads\/2022\/03\/sebastien-gueze-copie-1024x663.jpg 1024w, https:\/\/dclp.eu\/wp-content\/uploads\/2022\/03\/sebastien-gueze-copie-300x194.jpg 300w, https:\/\/dclp.eu\/wp-content\/uploads\/2022\/03\/sebastien-gueze-copie-768x497.jpg 768w, https:\/\/dclp.eu\/wp-content\/uploads\/2022\/03\/sebastien-gueze-copie-1200x777.jpg 1200w, https:\/\/dclp.eu\/wp-content\/uploads\/2022\/03\/sebastien-gueze-copie.jpg 1516w\" sizes=\"(max-width: 256px) 100vw, 256px\" \/><\/figure><\/div> <div class=\"content-width\"> <div class=\"maquette\"> <span class=\"C2\">-Masterclass di canto<\/span> <span class=\"C1\">diretta da S\u00e9bastien Gu\u00e8ze Con la partecipazione di Anne-Claire Couchourel (mezzosoprano), Marta Lazzaro (soprano), e Carlo Eugenio Raffaelli (tenore), H\u00e9l\u00e8ne Peyrat (pianista) e Francis Para\u00efso (pianista)<br><\/span> <span class=\"saut-lignex2\"><\/span> 30 aprile 2022 alle 14:00, Salons Curnonsky, Angers <span class=\"saut-lignex2\"><\/span> <span id=\"colorDCLP\" class=\"C2\">Prenoto<\/span> <span class=\"saut-lignex2\"><\/span> <span class=\"revues\"><\/span> <\/div> <\/div> <div class=\"wp-block-image\"> <figure class=\"aligncenter size-large is-resized\"><img decoding=\"async\" loading=\"lazy\" src=\"https:\/\/dclp.eu\/wp-content\/uploads\/2022\/03\/Montage-soiree-30-avril-1-1024x1024.jpg\" alt=\"\" class=\"wp-image-1819\" width=\"256\" height=\"256\" srcset=\"https:\/\/dclp.eu\/wp-content\/uploads\/2022\/03\/Montage-soiree-30-avril-1-1024x1024.jpg 1024w, https:\/\/dclp.eu\/wp-content\/uploads\/2022\/03\/Montage-soiree-30-avril-1-300x300.jpg 300w, https:\/\/dclp.eu\/wp-content\/uploads\/2022\/03\/Montage-soiree-30-avril-1-150x150.jpg 150w, https:\/\/dclp.eu\/wp-content\/uploads\/2022\/03\/Montage-soiree-30-avril-1-768x768.jpg 768w, https:\/\/dclp.eu\/wp-content\/uploads\/2022\/03\/Montage-soiree-30-avril-1-1536x1536.jpg 1536w, https:\/\/dclp.eu\/wp-content\/uploads\/2022\/03\/Montage-soiree-30-avril-1-1200x1200.jpg 1200w, https:\/\/dclp.eu\/wp-content\/uploads\/2022\/03\/Montage-soiree-30-avril-1.jpg 1890w\" sizes=\"(max-width: 256px) 100vw, 256px\" \/><\/figure><\/div> <div class=\"content-width\">\n\n<div class=\"maquette\"> <span class=\"C2\">&#8211; Serata musicale e gastronomica Modena\/Angers<\/span> <span class=\"C1\" style=\"text-align: justify; display: block;\">Cocktail signature Les Passions Modena\/Angers creato da Alfred Cointreau, e vini modenesi e angevini presentati da Mathilde Favre d&rsquo;Anne, Interludi musicali lirici con Marta Lazzaro, Mi-Kyung Kim, Carlo Eugenio Raffaelli, David Pouliquen, Muriel Stip (pianista), e danze coreografate da Emmanuelle Lecerf-Vakaryn Degustazioni di meraviglie gastronomiche Animazioni culinarie presentate dagli chef stellati Pascal Favre d&rsquo;Anne e Luca Marchini di Modena (Italia)<\/span> 30 aprile 2022 alle 19:00, Salons Curnonsky, Angers <span class=\"saut-lignex2\"><\/span> <span id=\"colorDCLP\" class=\"C2\">Prenoto<\/span> <span class=\"saut-lignex2\"><\/span> (Completo: non ci sono pi\u00f9 posti per questa cena Modena\/Angers) <span class=\"revues\"><\/span> <\/div> <\/div> <div class=\"wp-block-image\"> <figure class=\"aligncenter size-large is-resized\"><img decoding=\"async\" loading=\"lazy\" src=\"https:\/\/dclp.eu\/wp-content\/uploads\/2022\/04\/expo_photo-1024x686.jpg\" alt=\"\" class=\"wp-image-1979\" width=\"256\" height=\"172\" srcset=\"https:\/\/dclp.eu\/wp-content\/uploads\/2022\/04\/expo_photo-1024x686.jpg 1024w, https:\/\/dclp.eu\/wp-content\/uploads\/2022\/04\/expo_photo-300x201.jpg 300w, https:\/\/dclp.eu\/wp-content\/uploads\/2022\/04\/expo_photo-768x515.jpg 768w, https:\/\/dclp.eu\/wp-content\/uploads\/2022\/04\/expo_photo-1200x804.jpg 1200w, https:\/\/dclp.eu\/wp-content\/uploads\/2022\/04\/expo_photo.jpg 1318w\" sizes=\"(max-width: 256px) 100vw, 256px\" \/><\/figure><\/div> <div class=\"content-width\"> <div class=\"maquette\"> <span class=\"C2\">&#8211; Mostra fotografica Modena\/Angers<\/span> <span class=\"C1\">Scatti di 7 luoghi emblematici della citt\u00e0 di Modena (Italia) e della citt\u00e0 di Angers, e di due celebrit\u00e0 native di queste citt\u00e0: rispettivamente, Luciano Pavarotti e Curnonsky<\/span> <span class=\"saut-lignex2\"><\/span> 29 e 30 aprile, piano terra del Grand Th\u00e9\u00e2tre di Angers <span class=\"revues\"><\/span> <\/div> <\/div> <div class=\"wp-block-image\"> <figure class=\"aligncenter size-large is-resized\"><img decoding=\"async\" loading=\"lazy\" src=\"https:\/\/dclp.eu\/wp-content\/uploads\/2022\/04\/marche_gourmand-1024x685.jpg\" alt=\"\" class=\"wp-image-1978\" width=\"256\" height=\"171\" srcset=\"https:\/\/dclp.eu\/wp-content\/uploads\/2022\/04\/marche_gourmand-1024x685.jpg 1024w, https:\/\/dclp.eu\/wp-content\/uploads\/2022\/04\/marche_gourmand-300x201.jpg 300w, https:\/\/dclp.eu\/wp-content\/uploads\/2022\/04\/marche_gourmand-768x514.jpg 768w, https:\/\/dclp.eu\/wp-content\/uploads\/2022\/04\/marche_gourmand-1200x802.jpg 1200w, https:\/\/dclp.eu\/wp-content\/uploads\/2022\/04\/marche_gourmand.jpg 1325w\" sizes=\"(max-width: 256px) 100vw, 256px\" \/><\/figure><\/div> <div class=\"content-width\"> <div class=\"maquette\"> <span class=\"C2\">&#8211; Mercato gastronomico Modena\/Angers<\/span> <span class=\"C1\">Presentazioni e degustazioni di meraviglie gastronomiche modenesi e angevine selezionate da DCLP<\/span> <span class=\"saut-lignex2\"><\/span> 30 aprile 2022, dalle 9:00 alle 12:00, place du Ralliement, Angers <span class=\"revues\"><\/span> <\/div> <\/div> <div class=\"wp-block-image\"> <figure class=\"aligncenter size-large is-resized\"><img decoding=\"async\" loading=\"lazy\" src=\"https:\/\/dclp.eu\/wp-content\/uploads\/2022\/05\/Logo_Terra_Boranica_Vert-1024x382.png\" alt=\"\" class=\"wp-image-2069\" width=\"256\" height=\"96\" srcset=\"https:\/\/dclp.eu\/wp-content\/uploads\/2022\/05\/Logo_Terra_Boranica_Vert-1024x382.png 1024w, https:\/\/dclp.eu\/wp-content\/uploads\/2022\/05\/Logo_Terra_Boranica_Vert-300x112.png 300w, https:\/\/dclp.eu\/wp-content\/uploads\/2022\/05\/Logo_Terra_Boranica_Vert-768x286.png 768w, https:\/\/dclp.eu\/wp-content\/uploads\/2022\/05\/Logo_Terra_Boranica_Vert-1536x573.png 1536w, https:\/\/dclp.eu\/wp-content\/uploads\/2022\/05\/Logo_Terra_Boranica_Vert-2048x764.png 2048w, https:\/\/dclp.eu\/wp-content\/uploads\/2022\/05\/Logo_Terra_Boranica_Vert-1200x448.png 1200w, https:\/\/dclp.eu\/wp-content\/uploads\/2022\/05\/Logo_Terra_Boranica_Vert-1980x739.png 1980w\" sizes=\"(max-width: 256px) 100vw, 256px\" \/><\/figure><\/div> <div class=\"content-width\"> <div class=\"maquette\"> <span class=\"C2\">&#8211; Animazioni culinarie<\/span> <span class=\"C1\">laboratori sensoriali sul vino e sul vegetale presentati dalla Scuola Superiore di Agricoltura<br> &#8211; Accessibile ai visitatori muniti di biglietto d&rsquo;ingresso al parco &#8211;<\/span> <span class=\"C2\">&#8211; Concerto lirico Modena\/Angers<\/span> <span class=\"C1\">Mi-kyung Kim, Marta Lazzaro, Carlo Eugenio Raffaelli, H\u00e9l\u00e8ne Peyrat (pianista)<br> &#8211; Accessibile ai visitatori muniti di biglietto d&rsquo;ingresso al parco &#8211;<\/span> <span id=\"colorDCLP\" class=\"C2\"><u>Programma concerto omaggio a Luciano Pavarotti<\/u><\/span> <span class=\"C2\">&#8211; Cena gastronomica Modena\/Angers nella Serra Tropicale,<\/span> <span class=\"C1\">seguita da una visita notturna del parco<\/span> <span id=\"colorDCLP\" class=\"C2\"><u>&#8211; Prenotazione e informazioni &#8211;<\/u><\/span> (Completo: non ci sono pi\u00f9 posti per questa cena Modena\/Angers) <span class=\"saut-lignex2\"><\/span> 1\u00b0 maggio, Terra Botanica, Angers <span class=\"revues\"><\/span> <div style=\"margin-top: 20px;\"><\/div> <span class=\"C4\">LE PASSIONI MODENA\/ANGERS<\/span> <div id=\"colorDCLP\" class=\"C1\"><a href=\"https:\/\/dclp.eu\/wp-content\/uploads\/2022\/04\/Affiche_Les-Passions-Modena-Angers_2022.pdf\" target=\"_blank\" rel=\"noopener\">Apri o scarica la locandina Le Passioni Modena\/Angers in formato pdf<\/a><\/div> <span class=\"revues\"><\/span>  <\/div>\n","protected":false},"excerpt":{"rendered":"<p>Incontri Musicali e GastronomiciOmaggio a Luciano Pavarotti e a Curnonsky dal 29 aprile al 1\u00b0 maggio 2022 ad Angers POST DELL&rsquo;EVENTO PROGRAMMA 3 GIORNATE ECCEZIONALI FRANCO-ITALIANE CHE UNISCONO MUSICA E GASTRONOMIA &#8211; Convegno internazionale e interdisciplinare Dire et Chanter Les Passions: L&#8217;emozione in Luciano Pavarotti Organizzato da Marc Jeannin (Universit\u00e0 di Angers), questo convegno propone [&hellip;]<\/p>\n","protected":false},"author":1,"featured_media":0,"parent":0,"menu_order":0,"comment_status":"closed","ping_status":"closed","template":"","meta":[],"_links":{"self":[{"href":"https:\/\/dclp.eu\/it\/wp-json\/wp\/v2\/pages\/154"}],"collection":[{"href":"https:\/\/dclp.eu\/it\/wp-json\/wp\/v2\/pages"}],"about":[{"href":"https:\/\/dclp.eu\/it\/wp-json\/wp\/v2\/types\/page"}],"author":[{"embeddable":true,"href":"https:\/\/dclp.eu\/it\/wp-json\/wp\/v2\/users\/1"}],"replies":[{"embeddable":true,"href":"https:\/\/dclp.eu\/it\/wp-json\/wp\/v2\/comments?post=154"}],"version-history":[{"count":22,"href":"https:\/\/dclp.eu\/it\/wp-json\/wp\/v2\/pages\/154\/revisions"}],"predecessor-version":[{"id":557,"href":"https:\/\/dclp.eu\/it\/wp-json\/wp\/v2\/pages\/154\/revisions\/557"}],"wp:attachment":[{"href":"https:\/\/dclp.eu\/it\/wp-json\/wp\/v2\/media?parent=154"}],"curies":[{"name":"wp","href":"https:\/\/api.w.org\/{rel}","templated":true}]}}