{"id":241,"date":"2024-06-15T17:52:57","date_gmt":"2024-06-15T15:52:57","guid":{"rendered":"https:\/\/dclp.eu\/en\/?page_id=241"},"modified":"2025-05-27T16:31:40","modified_gmt":"2025-05-27T14:31:40","slug":"angers2019-en","status":"publish","type":"page","link":"https:\/\/dclp.eu\/en\/angers2019-en\/","title":{"rendered":"angers2019-en"},"content":{"rendered":"\n<div class=\"content-width\">\n\n<h4 style=\"text-align: center;\"><b data-rich-text-format-boundary=\"true\"><br>DIRE ET CHANTER LES PASSIONS<\/b><\/h4>\n<h5 style=\"text-align: center;\"><strong data-rich-text-format-boundary=\"true\">The Voices of Emotion<\/strong><\/h5>\n<p style=\"text-align: center;\">October 18-19, 2019, Grand Th\u00e9\u00e2tre d\u2019Angers<\/p>\n\n<span class=\"revues\"><\/span>\n<div class=\"saut-lignex2\"><\/div>\n\n<p class=\"has-text-align-center\">PROGRAM<\/p>\n\n<p style=\"text-align: center;\"><strong>International and Interdisciplinary Conference:<br><em>The Voices of Emotion<\/em><\/strong><\/p>\n<span class=\"C1\" style=\"text-align: justify; display: block;\">Organized by Marc Jeannin and David Pouliquen (University of Angers), this conference explores passions through voice, music, singing, theater, and human-robot interaction. Featuring Jean-Ren\u00e9 Morice (University of Angers), Dani\u00e8le Pistone (Sorbonne University), Joseph Delaplace (University of Rennes-II), Giordano Ferrari (University of Paris VIII), Adrian Grafe (University of Artois), Sophie Maddison (University of Glasgow), Jean-Fran\u00e7ois Bianco (University of Angers), Etienne Kippelen (University of Aix-Marseille), Mauricio G\u00f3mez-G\u00e1lvez (Sorbonne University).  \n\nPanels are chaired by Marc Jeannin, Jean-Yves Le Juge, Matteo Casari (University of Bologna Alma Mater), and Nicola Pasqualicchio (University of Verona). Additional speakers include Matteo Casari, Cristiana Natali (University of Bologna Alma Mater), Salvatore Anzalone (University of Paris VIII), Cinzia Toscano (University of Bologna Alma Mater), Bruno Bossis (University of Rennes-II), Doriana Legge (University of L\u2019Aquila), S\u00e9verine Samson (University of Lille III), C\u00e9line Lancelot (University of Angers), Angela Albanese (University of Modena and Reggio Emilia), Aubeline Vinay (University of Angers), Pierre-Eug\u00e8ne Sitchet (Sorbonne University), and Eftychia Droutsa (Sorbonne University).<\/span>\n\n<p style=\"text-align: center;\"><strong>Lyric Gala <em>Speaking and Singing Passions<\/em><\/strong><\/p>\n<span class=\"C1\" style=\"text-align: justify; display: block;\">Featuring Mi-kyung Kim (soprano), David Pouliquen (baritone), Margot Canale (mezzo-soprano), and Muriel Stip (pianist).<\/span>\n\n<p style=\"text-align: center;\"><strong>Closing Performance: <em>Jealousy<\/em><\/strong><\/p>\n<span class=\"C1\" style=\"text-align: justify; display: block;\">Introduction by Alain Fouquet (City of Angers). The performance \u201cSonata \u00e0 Kreutzer (or The Occupation)\u201d is directed by Simon Lauretti and performed by Aur\u00e9lie Cimb\u00e9, Matthieu Boutier, and Simon Lauretti. Based on texts by Tolstoy and Annie Ernaux, with musical excerpts from Beethoven and Verdi.<\/span>\n\n\n<div class=\"wp-block-image\">\n<figure class=\"aligncenter size-full\"><img decoding=\"async\" loading=\"lazy\" width=\"620\" height=\"896\" src=\"https:\/\/dclp.eu\/en\/wp-content\/uploads\/sites\/3\/2024\/06\/P1.jpg\" alt=\"\" class=\"wp-image-245\" srcset=\"https:\/\/dclp.eu\/en\/wp-content\/uploads\/sites\/3\/2024\/06\/P1.jpg 620w, https:\/\/dclp.eu\/en\/wp-content\/uploads\/sites\/3\/2024\/06\/P1-208x300.jpg 208w\" sizes=\"(max-width: 620px) 100vw, 620px\" \/><\/figure><\/div>\n\n<div class=\"wp-block-image\">\n<figure class=\"aligncenter size-full\"><img decoding=\"async\" loading=\"lazy\" width=\"641\" height=\"903\" src=\"https:\/\/dclp.eu\/en\/wp-content\/uploads\/sites\/3\/2024\/06\/P2.jpg\" alt=\"\" class=\"wp-image-247\" srcset=\"https:\/\/dclp.eu\/en\/wp-content\/uploads\/sites\/3\/2024\/06\/P2.jpg 641w, https:\/\/dclp.eu\/en\/wp-content\/uploads\/sites\/3\/2024\/06\/P2-213x300.jpg 213w\" sizes=\"(max-width: 641px) 100vw, 641px\" \/><\/figure><\/div>\n\n<div class=\"wp-block-image\">\n<figure class=\"aligncenter size-full\"><img decoding=\"async\" loading=\"lazy\" width=\"641\" height=\"868\" src=\"https:\/\/dclp.eu\/en\/wp-content\/uploads\/sites\/3\/2024\/06\/P3.jpg\" alt=\"\" class=\"wp-image-248\" srcset=\"https:\/\/dclp.eu\/en\/wp-content\/uploads\/sites\/3\/2024\/06\/P3.jpg 641w, https:\/\/dclp.eu\/en\/wp-content\/uploads\/sites\/3\/2024\/06\/P3-222x300.jpg 222w\" sizes=\"(max-width: 641px) 100vw, 641px\" \/><\/figure><\/div>\n\n<div class=\"wp-block-image\">\n<figure class=\"aligncenter size-full\"><img decoding=\"async\" loading=\"lazy\" width=\"635\" height=\"907\" src=\"https:\/\/dclp.eu\/en\/wp-content\/uploads\/sites\/3\/2024\/06\/P4-1.jpg\" alt=\"\" class=\"wp-image-249\" srcset=\"https:\/\/dclp.eu\/en\/wp-content\/uploads\/sites\/3\/2024\/06\/P4-1.jpg 635w, https:\/\/dclp.eu\/en\/wp-content\/uploads\/sites\/3\/2024\/06\/P4-1-210x300.jpg 210w\" sizes=\"(max-width: 635px) 100vw, 635px\" \/><\/figure><\/div>\n\n\n<div class=\"revues\"><\/div>\n<\/div>\n","protected":false},"excerpt":{"rendered":"<p>DIRE ET CHANTER LES PASSIONS The Voices of Emotion October 18-19, 2019, Grand Th\u00e9\u00e2tre d\u2019Angers PROGRAM International and Interdisciplinary Conference:The Voices of Emotion Organized by Marc Jeannin and David Pouliquen (University of Angers), this conference explores passions through voice, music, singing, theater, and human-robot interaction. Featuring Jean-Ren\u00e9 Morice (University of Angers), Dani\u00e8le Pistone (Sorbonne University), [&hellip;]<\/p>\n","protected":false},"author":1,"featured_media":0,"parent":0,"menu_order":0,"comment_status":"closed","ping_status":"closed","template":"","meta":[],"_links":{"self":[{"href":"https:\/\/dclp.eu\/en\/wp-json\/wp\/v2\/pages\/241"}],"collection":[{"href":"https:\/\/dclp.eu\/en\/wp-json\/wp\/v2\/pages"}],"about":[{"href":"https:\/\/dclp.eu\/en\/wp-json\/wp\/v2\/types\/page"}],"author":[{"embeddable":true,"href":"https:\/\/dclp.eu\/en\/wp-json\/wp\/v2\/users\/1"}],"replies":[{"embeddable":true,"href":"https:\/\/dclp.eu\/en\/wp-json\/wp\/v2\/comments?post=241"}],"version-history":[{"count":12,"href":"https:\/\/dclp.eu\/en\/wp-json\/wp\/v2\/pages\/241\/revisions"}],"predecessor-version":[{"id":671,"href":"https:\/\/dclp.eu\/en\/wp-json\/wp\/v2\/pages\/241\/revisions\/671"}],"wp:attachment":[{"href":"https:\/\/dclp.eu\/en\/wp-json\/wp\/v2\/media?parent=241"}],"curies":[{"name":"wp","href":"https:\/\/api.w.org\/{rel}","templated":true}]}}