{"id":174,"date":"2024-06-13T16:15:20","date_gmt":"2024-06-13T14:15:20","guid":{"rendered":"https:\/\/dclp.eu\/en\/?page_id=174"},"modified":"2025-06-22T17:12:28","modified_gmt":"2025-06-22T15:12:28","slug":"passions2022-en","status":"publish","type":"page","link":"https:\/\/dclp.eu\/en\/passions2022-en\/","title":{"rendered":"passions2022-en"},"content":{"rendered":"<div class=\"wp-block-image\">\n<figure class=\"aligncenter size-full is-resized\"><img decoding=\"async\" loading=\"lazy\" src=\"https:\/\/dclp.eu\/en\/wp-content\/uploads\/sites\/3\/2024\/06\/01-logo-rouge-normal.png\" alt=\"\" class=\"wp-image-128\" width=\"244\" height=\"250\" srcset=\"https:\/\/dclp.eu\/en\/wp-content\/uploads\/sites\/3\/2024\/06\/01-logo-rouge-normal.png 975w, https:\/\/dclp.eu\/en\/wp-content\/uploads\/sites\/3\/2024\/06\/01-logo-rouge-normal-293x300.png 293w, https:\/\/dclp.eu\/en\/wp-content\/uploads\/sites\/3\/2024\/06\/01-logo-rouge-normal-768x787.png 768w\" sizes=\"(max-width: 244px) 100vw, 244px\" \/><\/figure><\/div>\n\n\n<div class=\"wp-block-image\">\n<figure class=\"aligncenter size-large is-resized\"><img decoding=\"async\" loading=\"lazy\" src=\"https:\/\/dclp.eu\/wp-content\/uploads\/2022\/03\/Les_Passions_Modena_Angers_Grey-1024x322.png\" alt=\"\" class=\"wp-image-1818\" width=\"256\" height=\"81\" srcset=\"https:\/\/dclp.eu\/wp-content\/uploads\/2022\/03\/Les_Passions_Modena_Angers_Grey-1024x322.png 1024w, https:\/\/dclp.eu\/wp-content\/uploads\/2022\/03\/Les_Passions_Modena_Angers_Grey-300x94.png 300w, https:\/\/dclp.eu\/wp-content\/uploads\/2022\/03\/Les_Passions_Modena_Angers_Grey-768x241.png 768w, https:\/\/dclp.eu\/wp-content\/uploads\/2022\/03\/Les_Passions_Modena_Angers_Grey-1536x483.png 1536w, https:\/\/dclp.eu\/wp-content\/uploads\/2022\/03\/Les_Passions_Modena_Angers_Grey-2048x644.png 2048w, https:\/\/dclp.eu\/wp-content\/uploads\/2022\/03\/Les_Passions_Modena_Angers_Grey-1200x377.png 1200w, https:\/\/dclp.eu\/wp-content\/uploads\/2022\/03\/Les_Passions_Modena_Angers_Grey-1980x622.png 1980w\" sizes=\"(max-width: 256px) 100vw, 256px\" \/><\/figure><\/div>\n\n<p style=\"text-align: center;\"><em><strong>Musical and Gastronomic Encounters<\/strong><br><\/em>Tribute to Luciano Pavarotti and Curnonsky<\/p>\n<p style=\"text-align: center;\">From April 29 to May 1, 2022, in Angers<\/p>\n\n<div class=\"wp-block-image\">\n<figure class=\"aligncenter size-large is-resized\"><img decoding=\"async\" loading=\"lazy\" src=\"https:\/\/dclp.eu\/wp-content\/uploads\/2022\/03\/soiree_musicale_et_gastro-1024x525.png\" alt=\"\" class=\"wp-image-1820\" width=\"256\" height=\"131\" srcset=\"https:\/\/dclp.eu\/wp-content\/uploads\/2022\/03\/soiree_musicale_et_gastro-1024x525.png 1024w, https:\/\/dclp.eu\/wp-content\/uploads\/2022\/03\/soiree_musicale_et_gastro-300x154.png 300w, https:\/\/dclp.eu\/wp-content\/uploads\/2022\/03\/soiree_musicale_et_gastro-768x394.png 768w, https:\/\/dclp.eu\/wp-content\/uploads\/2022\/03\/soiree_musicale_et_gastro-1200x615.png 1200w, https:\/\/dclp.eu\/wp-content\/uploads\/2022\/03\/soiree_musicale_et_gastro.png 1383w\" sizes=\"(max-width: 256px) 100vw, 256px\" \/><\/figure><\/div>\n\n<div class=\"content-width\">\n<div class=\"TraitementDeTexte\">\n<span class=\"saut-lignex2\"><\/span>\n<div class=\"content-linkedin\">\n<div class=\"bulle\">\n<a href=\"https:\/\/dclp.eu\/linkedin-angers-2022\/\">\n<div class=\"linkedin-logo\"><\/div><\/a>\n<div class=\"t5\"> EVENT POSTS <\/div>\n<\/div>\n<\/div>\n<\/div>\n<span class=\"saut-ligne\"><\/span>\n\n<div class=\"maquette\">\n<span class=\"C4\">PROGRAM<\/span>\n<span class=\"revues\"><\/span>\n<span class=\"saut-lignex2\"><\/span>\n<span id=\"colorDCLP\" class=\"C2\">3 EXCEPTIONAL FRENCH-ITALIAN DAYS COMBINING MUSIC AND GASTRONOMY<\/span>\n<span class=\"revues\"><\/span>\n<\/div>\n<\/div>\n\n<div class=\"wp-block-image\">\n<figure class=\"aligncenter size-large is-resized\"><img decoding=\"async\" loading=\"lazy\" src=\"https:\/\/dclp.eu\/wp-content\/uploads\/2022\/05\/image-colloque_Pavarotti_2022-979x1024.jpg\" alt=\"\" class=\"wp-image-2100\" width=\"245\" height=\"256\" srcset=\"https:\/\/dclp.eu\/wp-content\/uploads\/2022\/05\/image-colloque_Pavarotti_2022-979x1024.jpg 979w, https:\/\/dclp.eu\/wp-content\/uploads\/2022\/05\/image-colloque_Pavarotti_2022-287x300.jpg 287w, https:\/\/dclp.eu\/wp-content\/uploads\/2022\/05\/image-colloque_Pavarotti_2022-768x803.jpg 768w, https:\/\/dclp.eu\/wp-content\/uploads\/2022\/05\/image-colloque_Pavarotti_2022-1200x1255.jpg 1200w, https:\/\/dclp.eu\/wp-content\/uploads\/2022\/05\/image-colloque_Pavarotti_2022.jpg 1282w\" sizes=\"(max-width: 245px) 100vw, 245px\" \/><\/figure><\/div>\n\n<div class=\"content-width\">\n<div class=\"maquette\">\n<span class=\"C2\">&#8211; International and Interdisciplinary Conference Dire et Chanter Les Passions: Luciano Pavarotti and Emotions<\/span>\n<span class=\"C1\"> Organized by Marc Jeannin (University of Angers), this conference offers a reflection on the expression and reception of emotions conveyed by Luciano Pavarotti, and explores the reasons behind his exceptional career. With the participation of Nicoletta Mantovani (Fondazione Luciano Pavarotti), Dani\u00e8le Pistone (Sorbonne University), Aldo Sisillo (Teatro Comunale Pavarotti-Freni di Modena), and Gilles Demonet (Sorbonne University).<\/span>\n<span class=\"saut-lignex2\"><\/span>\nApril 29 and 30, Salons Curnonsky, Angers\n<span class=\"saut-lignex2\"><\/span>\n<span id=\"colorDCLP\" class=\"C3\">Program of the conference \u00ab\u00a0Luciano Pavarotti and Emotions\u00a0\u00bb<\/span>\n<span class=\"revues\"><\/span>\n<\/div>\n<\/div>\n\n<div class=\"wp-block-image\">\n<figure class=\"aligncenter size-large is-resized\"><img decoding=\"async\" loading=\"lazy\" src=\"https:\/\/dclp.eu\/wp-content\/uploads\/2022\/03\/chanteise-1024x801.jpg\" alt=\"\" class=\"wp-image-1900\" width=\"256\" height=\"200\" srcset=\"https:\/\/dclp.eu\/wp-content\/uploads\/2022\/03\/chanteise-1024x801.jpg 1024w, https:\/\/dclp.eu\/wp-content\/uploads\/2022\/03\/chanteise-300x235.jpg 300w, https:\/\/dclp.eu\/wp-content\/uploads\/2022\/03\/chanteise-768x600.jpg 768w, https:\/\/dclp.eu\/wp-content\/uploads\/2022\/03\/chanteise-1536x1201.jpg 1536w, https:\/\/dclp.eu\/wp-content\/uploads\/2022\/03\/chanteise-1200x938.jpg 1200w, https:\/\/dclp.eu\/wp-content\/uploads\/2022\/03\/chanteise.jpg 1682w\" sizes=\"(max-width: 256px) 100vw, 256px\" \/><\/figure><\/div>\n\n<div class=\"content-width\">\n<div class=\"maquette\">\n<span class=\"C2\">&#8211; Lyrical Concert Young Talents Modena\/Angers<\/span>\n<span class=\"C1\">Marta Lazzaro, Mathilde Lemaire (in photo, copyright: Hugues Castan), Carlo Eugenio Raffaelli, H\u00e9l\u00e8ne Peyrat (pianist), and the exceptional participation of tenor S\u00e9bastien Gu\u00e8ze<\/span>\n<span class=\"saut-lignex2\"><\/span>\nApril 29, 2022, at 6:30 PM, Salons Curnonsky, Angers\n<span class=\"saut-lignex2\"><\/span>\n<span id=\"colorDCLP\" class=\"C3\">Program of the concert tribute to Luciano Pavarotti<\/span>\n<span class=\"revues\"><\/span>\n<\/div>\n<\/div>\n\n<div class=\"wp-block-image\">\n<figure class=\"aligncenter size-large is-resized\"><img decoding=\"async\" loading=\"lazy\" src=\"https:\/\/dclp.eu\/wp-content\/uploads\/2022\/04\/Diner-Belle-Rive-1024x819.jpg\" alt=\"\" class=\"wp-image-2000\" width=\"256\" height=\"205\" srcset=\"https:\/\/dclp.eu\/wp-content\/uploads\/2022\/04\/Diner-Belle-Rive-1024x819.jpg 1024w, https:\/\/dclp.eu\/wp-content\/uploads\/2022\/04\/Diner-Belle-Rive-300x240.jpg 300w, https:\/\/dclp.eu\/wp-content\/uploads\/2022\/04\/Diner-Belle-Rive-768x614.jpg 768w, https:\/\/dclp.eu\/wp-content\/uploads\/2022\/04\/Diner-Belle-Rive-1536x1229.jpg 1536w, https:\/\/dclp.eu\/wp-content\/uploads\/2022\/04\/Diner-Belle-Rive-1200x960.jpg 1200w, https:\/\/dclp.eu\/wp-content\/uploads\/2022\/04\/Diner-Belle-Rive-1980x1584.jpg 1980w, https:\/\/dclp.eu\/wp-content\/uploads\/2022\/04\/Diner-Belle-Rive.jpg 2000w\" sizes=\"(max-width: 256px) 100vw, 256px\" \/><\/figure><\/div>\n\n<div class=\"content-width\">\n<div class=\"maquette\">\n<span class=\"C2\">&#8211; Modena\/Angers Charity Gastronomic Dinner<\/span>\n<span class=\"saut-lignex2\"><\/span>\n<span class=\"C1\">Signature cocktail presented and created by Alfred Cointreau.<br>\n5-act menu featuring Angevin and Modenese gastronomic wonders, prepared by two Michelin-starred chefs: Pascal Favre d&rsquo;Anne and Luca Marchini, as well as Laurent Surut, chef of the Belle Rive restaurant.<br>\nWine pairings included.<\/span>\n<span class=\"saut-lignex2\"><\/span>\nApril 29, 2022, at 8:00 PM, Belle Rive restaurant, Angers\n<span id=\"colorDCLP\" class=\"C2\">Book Now<\/span>\n<span class=\"saut-lignex2\"><\/span>\n(Full: No more places available for this Modena\/Angers dinner)\n<span class=\"revues\"><\/span>\n<\/div>\n<\/div>\n\n<div class=\"wp-block-image\">\n<figure class=\"aligncenter size-large is-resized\"><img decoding=\"async\" loading=\"lazy\" src=\"https:\/\/dclp.eu\/wp-content\/uploads\/2022\/03\/sebastien-gueze-copie-1024x663.jpg\" alt=\"\" class=\"wp-image-1782\" width=\"256\" height=\"166\" srcset=\"https:\/\/dclp.eu\/wp-content\/uploads\/2022\/03\/sebastien-gueze-copie-1024x663.jpg 1024w, https:\/\/dclp.eu\/wp-content\/uploads\/2022\/03\/sebastien-gueze-copie-300x194.jpg 300w, https:\/\/dclp.eu\/wp-content\/uploads\/2022\/03\/sebastien-gueze-copie-768x497.jpg 768w, https:\/\/dclp.eu\/wp-content\/uploads\/2022\/03\/sebastien-gueze-copie-1200x777.jpg 1200w, https:\/\/dclp.eu\/wp-content\/uploads\/2022\/03\/sebastien-gueze-copie.jpg 1516w\" sizes=\"(max-width: 256px) 100vw, 256px\" \/><\/figure><\/div>\n\n<div class=\"content-width\">\n<div class=\"maquette\">\n<span class=\"C2\">&#8211; Vocal Masterclass<\/span>\n<span class=\"C1\">led by S\u00e9bastien Gu\u00e8ze<br>\nWith the participation of Anne-Claire Couchourel (mezzo-soprano), Marta Lazzaro (soprano), and Carlo Eugenio Raffaelli (tenor), H\u00e9l\u00e8ne Peyrat (pianist) and Francis Para\u00efso (pianist)<\/span>\n<span class=\"saut-lignex2\"><\/span>\nApril 30, 2022, at 2:00 PM, Salons Curnonsky, Angers\n<span class=\"saut-lignex2\"><\/span>\n<span id=\"colorDCLP\" class=\"C2\">Book Now<\/span>\n<span class=\"saut-lignex2\"><\/span>\n<span class=\"revues\"><\/span>\n<\/div>\n<\/div>\n\n<div class=\"wp-block-image\">\n<figure class=\"aligncenter size-large is-resized\"><img decoding=\"async\" loading=\"lazy\" src=\"https:\/\/dclp.eu\/wp-content\/uploads\/2022\/03\/Montage-soiree-30-avril-1-1024x1024.jpg\" alt=\"\" class=\"wp-image-1819\" width=\"256\" height=\"256\" srcset=\"https:\/\/dclp.eu\/wp-content\/uploads\/2022\/03\/Montage-soiree-30-avril-1-1024x1024.jpg 1024w, https:\/\/dclp.eu\/wp-content\/uploads\/2022\/03\/Montage-soiree-30-avril-1-300x300.jpg 300w, https:\/\/dclp.eu\/wp-content\/uploads\/2022\/03\/Montage-soiree-30-avril-1-150x150.jpg 150w, https:\/\/dclp.eu\/wp-content\/uploads\/2022\/03\/Montage-soiree-30-avril-1-768x768.jpg 768w, https:\/\/dclp.eu\/wp-content\/uploads\/2022\/03\/Montage-soiree-30-avril-1-1536x1536.jpg 1536w, https:\/\/dclp.eu\/wp-content\/uploads\/2022\/03\/Montage-soiree-30-avril-1-1200x1200.jpg 1200w, https:\/\/dclp.eu\/wp-content\/uploads\/2022\/03\/Montage-soiree-30-avril-1.jpg 1890w\" sizes=\"(max-width: 256px) 100vw, 256px\" \/><\/figure><\/div>\n\n<div class=\"content-width\">\n<div class=\"maquette\">\n<span class=\"C2\">&#8211; Musical and Gastronomic Evening Modena\/Angers<\/span>\n<span class=\"C1\" style=\"text-align: justify; display: block;\">Signature cocktail The Passions Modena\/Angers created by Alfred Cointreau, and Modenese and Angevin wines presented by Mathilde Favre d&rsquo;Anne,<br>\nLyrical musical interludes with Marta Lazzaro, Mi-Kyung Kim, Carlo Eugenio Raffaelli, David Pouliquen, Muriel Stip (pianist), and choreographed dances by Emmanuelle Lecerf-Vakaryn<br>\nTastings of gastronomic wonders<br>\nCulinary animations presented by Michelin-starred chefs Pascal Favre d&rsquo;Anne and Luca Marchini from Modena (Italy)<\/span>\nApril 30, 2022, at 7:00 PM, Salons Curnonsky, Angers\n<span class=\"saut-lignex2\"><\/span>\n<span id=\"colorDCLP\" class=\"C2\">Book Now<\/span>\n<span class=\"saut-lignex2\"><\/span>\n(Full: No more places available for this Modena\/Angers dinner)\n<span class=\"revues\"><\/span>\n<\/div>\n<\/div>\n\n<div class=\"wp-block-image\">\n<figure class=\"aligncenter size-large is-resized\"><img decoding=\"async\" loading=\"lazy\" src=\"https:\/\/dclp.eu\/wp-content\/uploads\/2022\/04\/expo_photo-1024x686.jpg\" alt=\"\" class=\"wp-image-1979\" width=\"256\" height=\"172\" srcset=\"https:\/\/dclp.eu\/wp-content\/uploads\/2022\/04\/expo_photo-1024x686.jpg 1024w, https:\/\/dclp.eu\/wp-content\/uploads\/2022\/04\/expo_photo-300x201.jpg 300w, https:\/\/dclp.eu\/wp-content\/uploads\/2022\/04\/expo_photo-768x515.jpg 768w, https:\/\/dclp.eu\/wp-content\/uploads\/2022\/04\/expo_photo-1200x804.jpg 1200w, https:\/\/dclp.eu\/wp-content\/uploads\/2022\/04\/expo_photo.jpg 1318w\" sizes=\"(max-width: 256px) 100vw, 256px\" \/><\/figure><\/div>\n\n<div class=\"content-width\">\n<div class=\"maquette\">\n<span class=\"C2\">&#8211; Modena\/Angers Photographic Exhibition<\/span>\n<span class=\"C1\">Photos of 7 iconic locations in the city of Modena (Italy) and the city of Angers, and two celebrities native to these cities: respectively, Luciano Pavarotti and Curnonsky<\/span>\n<span class=\"saut-lignex2\"><\/span>\nApril 29 and 30, ground floor of the Grand Th\u00e9\u00e2tre d&rsquo;Angers\n<span class=\"revues\"><\/span>\n<\/div>\n<\/div>\n\n<div class=\"wp-block-image\">\n<figure class=\"aligncenter size-large is-resized\"><img decoding=\"async\" loading=\"lazy\" src=\"https:\/\/dclp.eu\/wp-content\/uploads\/2022\/04\/marche_gourmand-1024x685.jpg\" alt=\"\" class=\"wp-image-1978\" width=\"256\" height=\"171\" srcset=\"https:\/\/dclp.eu\/wp-content\/uploads\/2022\/04\/marche_gourmand-1024x685.jpg 1024w, https:\/\/dclp.eu\/wp-content\/uploads\/2022\/04\/marche_gourmand-300x201.jpg 300w, https:\/\/dclp.eu\/wp-content\/uploads\/2022\/04\/marche_gourmand-768x514.jpg 768w, https:\/\/dclp.eu\/wp-content\/uploads\/2022\/04\/marche_gourmand-1200x802.jpg 1200w, https:\/\/dclp.eu\/wp-content\/uploads\/2022\/04\/marche_gourmand.jpg 1325w\" sizes=\"(max-width: 256px) 100vw, 256px\" \/><\/figure><\/div>\n\n<div class=\"content-width\">\n<div class=\"maquette\">\n<span class=\"C2\">&#8211; Modena\/Angers Gourmet Market<\/span>\n<span class=\"C1\">Presentations and tastings of gastronomic wonders from Modena and Angers selected by DCLP<\/span>\n<span class=\"saut-lignex2\"><\/span>\nApril 30, 2022, from 9:00 AM to 12:00 PM, Place du Ralliement, Angers\n<span class=\"revues\"><\/span>\n<\/div>\n<\/div>\n\n<div class=\"wp-block-image\">\n<figure class=\"aligncenter size-large is-resized\"><img decoding=\"async\" loading=\"lazy\" src=\"https:\/\/dclp.eu\/wp-content\/uploads\/2022\/05\/Logo_Terra_Boranica_Vert-1024x382.png\" alt=\"\" class=\"wp-image-2069\" width=\"256\" height=\"96\" srcset=\"https:\/\/dclp.eu\/wp-content\/uploads\/2022\/05\/Logo_Terra_Boranica_Vert-1024x382.png 1024w, https:\/\/dclp.eu\/wp-content\/uploads\/2022\/05\/Logo_Terra_Boranica_Vert-300x112.png 300w, https:\/\/dclp.eu\/wp-content\/uploads\/2022\/05\/Logo_Terra_Boranica_Vert-768x286.png 768w, https:\/\/dclp.eu\/wp-content\/uploads\/2022\/05\/Logo_Terra_Boranica_Vert-1536x573.png 1536w, https:\/\/dclp.eu\/wp-content\/uploads\/2022\/05\/Logo_Terra_Boranica_Vert-2048x764.png 2048w, https:\/\/dclp.eu\/wp-content\/uploads\/2022\/05\/Logo_Terra_Boranica_Vert-1200x448.png 1200w, https:\/\/dclp.eu\/wp-content\/uploads\/2022\/05\/Logo_Terra_Boranica_Vert-1980x739.png 1980w\" sizes=\"(max-width: 256px) 100vw, 256px\" \/><\/figure><\/div>\n\n<div class=\"content-width\">\n<div class=\"maquette\">\n<span class=\"C2\">&#8211; Culinary Animations<\/span>\n<span class=\"C1\">Sensory workshops on wine and plants presented by the School of Agriculture<br>\n&#8211; Accessible to visitors with a park entrance ticket &#8211;<\/span>\n<span class=\"C2\">&#8211; Modena\/Angers Lyrical Concert<\/span>\n<span class=\"C1\">Mi-kyung Kim, Marta Lazzaro, Carlo Eugenio Raffaelli, H\u00e9l\u00e8ne Peyrat (pianist)<br>\n&#8211; Accessible to visitors with a park entrance ticket &#8211;<\/span>\n<span id=\"colorDCLP\" class=\"C2\"><u>Program of the concert tribute to Luciano Pavarotti<\/u><\/span>\n<span class=\"C2\">&#8211; Modena\/Angers Gastronomic Dinner in the Tropical Greenhouse,<\/span>\n<span class=\"C1\">followed by a nighttime visit to the park<\/span>\n<span id=\"colorDCLP\" class=\"C2\"><u>&#8211; Booking and information &#8211;<\/u><\/span>\n(Full: No more places available for this Modena\/Angers dinner)\n<span class=\"saut-lignex2\"><\/span>\nMay 1, Terra Botanica, Angers\n<span class=\"revues\"><\/span>\n<div style=\"margin-top: 20px;\"><\/div> \n<span class=\"C4\">THE PASSIONS MODENA\/ANGERS<\/span>\n<div id=\"colorDCLP\" class=\"C1\"><a href=\"https:\/\/dclp.eu\/wp-content\/uploads\/2022\/04\/Affiche_Les-Passions-Modena-Angers_2022.pdf\" target=\"_blank\" rel=\"noopener\">Open or download the poster The Passions Modena\/Angers in PDF format<\/a><\/div>\n<span class=\"revues\"><\/span>\n<\/div>\n","protected":false},"excerpt":{"rendered":"<p>Musical and Gastronomic EncountersTribute to Luciano Pavarotti and Curnonsky From April 29 to May 1, 2022, in Angers EVENT POSTS PROGRAM 3 EXCEPTIONAL FRENCH-ITALIAN DAYS COMBINING MUSIC AND GASTRONOMY &#8211; International and Interdisciplinary Conference Dire et Chanter Les Passions: Luciano Pavarotti and Emotions Organized by Marc Jeannin (University of Angers), this conference offers a reflection [&hellip;]<\/p>\n","protected":false},"author":1,"featured_media":0,"parent":0,"menu_order":0,"comment_status":"closed","ping_status":"closed","template":"","meta":[],"_links":{"self":[{"href":"https:\/\/dclp.eu\/en\/wp-json\/wp\/v2\/pages\/174"}],"collection":[{"href":"https:\/\/dclp.eu\/en\/wp-json\/wp\/v2\/pages"}],"about":[{"href":"https:\/\/dclp.eu\/en\/wp-json\/wp\/v2\/types\/page"}],"author":[{"embeddable":true,"href":"https:\/\/dclp.eu\/en\/wp-json\/wp\/v2\/users\/1"}],"replies":[{"embeddable":true,"href":"https:\/\/dclp.eu\/en\/wp-json\/wp\/v2\/comments?post=174"}],"version-history":[{"count":23,"href":"https:\/\/dclp.eu\/en\/wp-json\/wp\/v2\/pages\/174\/revisions"}],"predecessor-version":[{"id":685,"href":"https:\/\/dclp.eu\/en\/wp-json\/wp\/v2\/pages\/174\/revisions\/685"}],"wp:attachment":[{"href":"https:\/\/dclp.eu\/en\/wp-json\/wp\/v2\/media?parent=174"}],"curies":[{"name":"wp","href":"https:\/\/api.w.org\/{rel}","templated":true}]}}